{"id":310,"date":"2021-11-04T10:21:32","date_gmt":"2021-11-04T10:21:32","guid":{"rendered":"https:\/\/www.sbctransportation.com\/index.php\/services\/"},"modified":"2024-06-01T00:22:54","modified_gmt":"2024-06-01T00:22:54","slug":"services","status":"publish","type":"page","link":"https:\/\/www.sbctransportation.com\/es\/services\/","title":{"rendered":"Servicios"},"content":{"rendered":"<div data-elementor-type=\"wp-page\" data-elementor-id=\"310\" class=\"elementor elementor-310\" data-elementor-post-type=\"page\">\n\t\t\t\t<div class=\"elementor-element elementor-element-bee1789 e-flex e-con-boxed e-con e-parent\" data-id=\"bee1789\" data-element_type=\"container\" data-settings=\"{&quot;background_background&quot;:&quot;classic&quot;}\">\n\t\t\t\t\t<div class=\"e-con-inner\">\n\t\t<div class=\"elementor-element elementor-element-4c9218a e-con-full e-flex e-con e-child\" data-id=\"4c9218a\" data-element_type=\"container\">\n\t\t\t\t<div class=\"elementor-element elementor-element-4fbedb7 elementor-invisible elementor-widget elementor-widget-heading\" data-id=\"4fbedb7\" data-element_type=\"widget\" data-settings=\"{&quot;_animation&quot;:&quot;fadeInRight&quot;}\" data-widget_type=\"heading.default\">\n\t\t\t\t<div class=\"elementor-widget-container\">\n\t\t\t<style>\/*! elementor - v3.21.0 - 22-05-2024 *\/\n.elementor-heading-title{padding:0;margin:0;line-height:1}.elementor-widget-heading .elementor-heading-title[class*=elementor-size-]>a{color:inherit;font-size:inherit;line-height:inherit}.elementor-widget-heading .elementor-heading-title.elementor-size-small{font-size:15px}.elementor-widget-heading .elementor-heading-title.elementor-size-medium{font-size:19px}.elementor-widget-heading .elementor-heading-title.elementor-size-large{font-size:29px}.elementor-widget-heading .elementor-heading-title.elementor-size-xl{font-size:39px}.elementor-widget-heading .elementor-heading-title.elementor-size-xxl{font-size:59px}<\/style><h1 class=\"elementor-heading-title elementor-size-default\">Servicios<\/h1>\t\t<\/div>\n\t\t\t\t<\/div>\n\t\t\t\t<\/div>\n\t\t\t\t\t<\/div>\n\t\t\t\t<\/div>\n\t\t<div class=\"elementor-element elementor-element-f3bbc94 e-flex e-con-boxed e-con e-parent\" data-id=\"f3bbc94\" data-element_type=\"container\" data-settings=\"{&quot;background_background&quot;:&quot;classic&quot;}\">\n\t\t\t\t\t<div class=\"e-con-inner\">\n\t\t\t\t\t<\/div>\n\t\t\t\t<\/div>\n\t\t<div class=\"elementor-element elementor-element-11c73d1 e-con-full e-flex e-con e-parent\" data-id=\"11c73d1\" data-element_type=\"container\">\n\t\t<div class=\"elementor-element elementor-element-8ce24ca e-con-full e-flex e-con e-child\" data-id=\"8ce24ca\" data-element_type=\"container\" data-settings=\"{&quot;background_background&quot;:&quot;classic&quot;}\">\n\t\t<div class=\"elementor-element elementor-element-67fb3df e-con-full e-flex e-con e-child\" data-id=\"67fb3df\" data-element_type=\"container\">\n\t\t<div class=\"elementor-element elementor-element-da075c6 e-con-full e-flex e-con e-child\" data-id=\"da075c6\" data-element_type=\"container\">\n\t\t\t\t<div class=\"elementor-element elementor-element-1a12194 elementor-widget elementor-widget-heading\" data-id=\"1a12194\" data-element_type=\"widget\" data-widget_type=\"heading.default\">\n\t\t\t\t<div class=\"elementor-widget-container\">\n\t\t\t<h4 class=\"elementor-heading-title elementor-size-default\">Soluciones Integrales de Transporte\n\n<\/h4>\t\t<\/div>\n\t\t\t\t<\/div>\n\t\t\t\t<div class=\"elementor-element elementor-element-a106d0c elementor-widget elementor-widget-heading\" data-id=\"a106d0c\" data-element_type=\"widget\" data-widget_type=\"heading.default\">\n\t\t\t\t<div class=\"elementor-widget-container\">\n\t\t\t<h2 class=\"elementor-heading-title elementor-size-default\">Nuestros servicios<\/h2>\t\t<\/div>\n\t\t\t\t<\/div>\n\t\t\t\t<div class=\"elementor-element elementor-element-a747963 elementor-widget elementor-widget-text-editor\" data-id=\"a747963\" data-element_type=\"widget\" data-widget_type=\"text-editor.default\">\n\t\t\t\t<div class=\"elementor-widget-container\">\n\t\t\t<style>\/*! elementor - v3.21.0 - 22-05-2024 *\/\n.elementor-widget-text-editor.elementor-drop-cap-view-stacked .elementor-drop-cap{background-color:#69727d;color:#fff}.elementor-widget-text-editor.elementor-drop-cap-view-framed .elementor-drop-cap{color:#69727d;border:3px solid;background-color:transparent}.elementor-widget-text-editor:not(.elementor-drop-cap-view-default) .elementor-drop-cap{margin-top:8px}.elementor-widget-text-editor:not(.elementor-drop-cap-view-default) .elementor-drop-cap-letter{width:1em;height:1em}.elementor-widget-text-editor .elementor-drop-cap{float:left;text-align:center;line-height:1;font-size:50px}.elementor-widget-text-editor .elementor-drop-cap-letter{display:inline-block}<\/style>\t\t\t\t<p>En SBC Transportation Inc., entendemos que cada negocio tiene requisitos log\u00edsticos \u00fanicos. Es por eso que ofrecemos una amplia gama de servicios dise\u00f1ados para satisfacer las diversas necesidades de nuestros clientes.<\/p><p>Desde transporte de carga seca y plataforma hasta transbordo entre muelles y almacenamiento seguro en almac\u00e9n, tenemos la experiencia y los recursos para manejar todas sus necesidades log\u00edsticas. Nuestros servicios est\u00e1n respaldados por tecnolog\u00eda de vanguardia, que incluye rastreo GPS para camiones y remolques, atenci\u00f3n al cliente biling\u00fce y un programa de seguridad integral para garantizar la seguridad del conductor.<\/p><p>Descubra c\u00f3mo nuestras soluciones personalizadas pueden optimizar las operaciones de su cadena de suministro e impulsar el \u00e9xito empresarial.<\/p>\t\t\t\t\t\t<\/div>\n\t\t\t\t<\/div>\n\t\t\t\t<div class=\"elementor-element elementor-element-182fbc3 elementor-widget elementor-widget-button\" data-id=\"182fbc3\" data-element_type=\"widget\" data-widget_type=\"button.default\">\n\t\t\t\t<div class=\"elementor-widget-container\">\n\t\t\t\t\t<div class=\"elementor-button-wrapper\">\n\t\t\t<a class=\"elementor-button elementor-button-link elementor-size-sm elementor-animation-grow\" href=\"#elementor-action:action=popup:open&settings=eyJpZCI6IjE0MjQiLCJ0b2dnbGUiOmZhbHNlfQ==\">\n\t\t\t\t\t\t<span class=\"elementor-button-content-wrapper\">\n\t\t\t\t\t\t\t\t\t<span class=\"elementor-button-text\">Get a quote<\/span>\n\t\t\t\t\t<\/span>\n\t\t\t\t\t<\/a>\n\t\t<\/div>\n\t\t\t\t<\/div>\n\t\t\t\t<\/div>\n\t\t\t\t<\/div>\n\t\t\t\t<\/div>\n\t\t\t\t<\/div>\n\t\t<div class=\"elementor-element elementor-element-82e4147 e-con-full e-flex e-con e-child\" data-id=\"82e4147\" data-element_type=\"container\" data-settings=\"{&quot;background_background&quot;:&quot;classic&quot;}\">\n\t\t<div class=\"elementor-element elementor-element-0cd53f2 e-con-full e-flex e-con e-child\" data-id=\"0cd53f2\" data-element_type=\"container\">\n\t\t<div class=\"elementor-element elementor-element-3f92e36 e-con-full e-flex e-con e-child\" data-id=\"3f92e36\" data-element_type=\"container\">\n\t\t\t\t<\/div>\n\t\t\t\t<\/div>\n\t\t\t\t<\/div>\n\t\t\t\t<\/div>\n\t\t<div class=\"elementor-element elementor-element-3f5ba57 e-flex e-con-boxed e-con e-parent\" data-id=\"3f5ba57\" data-element_type=\"container\" data-settings=\"{&quot;background_background&quot;:&quot;classic&quot;}\">\n\t\t\t\t\t<div class=\"e-con-inner\">\n\t\t\t\t<div class=\"elementor-element elementor-element-ef2d442 elementor-widget elementor-widget-heading\" data-id=\"ef2d442\" data-element_type=\"widget\" data-widget_type=\"heading.default\">\n\t\t\t\t<div class=\"elementor-widget-container\">\n\t\t\t<h2 class=\"elementor-heading-title elementor-size-default\">Servicios<\/h2>\t\t<\/div>\n\t\t\t\t<\/div>\n\t\t\t\t\t<\/div>\n\t\t\t\t<\/div>\n\t\t<div class=\"elementor-element elementor-element-5042c3a e-flex e-con-boxed e-con e-parent\" data-id=\"5042c3a\" data-element_type=\"container\" data-settings=\"{&quot;background_background&quot;:&quot;classic&quot;}\">\n\t\t\t\t\t<div class=\"e-con-inner\">\n\t\t<div class=\"elementor-element elementor-element-eeba45c e-con-full e-flex e-con e-child\" data-id=\"eeba45c\" data-element_type=\"container\">\n\t\t<div class=\"elementor-element elementor-element-c605f92 e-con-full e-flex e-con e-child\" data-id=\"c605f92\" data-element_type=\"container\">\n\t\t<div class=\"elementor-element elementor-element-8d1658f e-con-full e-flex e-con e-child\" data-id=\"8d1658f\" data-element_type=\"container\">\n\t\t\t\t<div class=\"elementor-element elementor-element-09c03a8 elementor-position-top elementor-widget elementor-widget-image-box\" data-id=\"09c03a8\" data-element_type=\"widget\" data-widget_type=\"image-box.default\">\n\t\t\t\t<div class=\"elementor-widget-container\">\n\t\t\t<style>\/*! elementor - v3.21.0 - 22-05-2024 *\/\n.elementor-widget-image-box .elementor-image-box-content{width:100%}@media (min-width:768px){.elementor-widget-image-box.elementor-position-left .elementor-image-box-wrapper,.elementor-widget-image-box.elementor-position-right .elementor-image-box-wrapper{display:flex}.elementor-widget-image-box.elementor-position-right .elementor-image-box-wrapper{text-align:end;flex-direction:row-reverse}.elementor-widget-image-box.elementor-position-left .elementor-image-box-wrapper{text-align:start;flex-direction:row}.elementor-widget-image-box.elementor-position-top .elementor-image-box-img{margin:auto}.elementor-widget-image-box.elementor-vertical-align-top .elementor-image-box-wrapper{align-items:flex-start}.elementor-widget-image-box.elementor-vertical-align-middle .elementor-image-box-wrapper{align-items:center}.elementor-widget-image-box.elementor-vertical-align-bottom .elementor-image-box-wrapper{align-items:flex-end}}@media (max-width:767px){.elementor-widget-image-box .elementor-image-box-img{margin-left:auto!important;margin-right:auto!important;margin-bottom:15px}}.elementor-widget-image-box .elementor-image-box-img{display:inline-block}.elementor-widget-image-box .elementor-image-box-title a{color:inherit}.elementor-widget-image-box .elementor-image-box-wrapper{text-align:center}.elementor-widget-image-box .elementor-image-box-description{margin:0}<\/style><div class=\"elementor-image-box-wrapper\"><figure class=\"elementor-image-box-img\"><img decoding=\"async\" src=\"https:\/\/www.sbctransportation.com\/wp-content\/uploads\/elementor\/thumbs\/2022-02-14-qp82u9or1zrx8qhgavbelq8cs9p3l3t095g2jk0pfo.jpg\" title=\"2022-02-14\" alt=\"2022-02-14\" loading=\"lazy\" \/><\/figure><div class=\"elementor-image-box-content\"><h3 class=\"elementor-image-box-title\">Camiones Secos<\/h3><p class=\"elementor-image-box-description\">Nuestros camiones dry van son ideales para transportar una amplia gama de mercanc\u00edas no perecederas. Completamente cerrados para proteger su carga de los elementos, estos camiones vers\u00e1tiles ofrecen un transporte seguro y confiable, garantizando que sus env\u00edos lleguen de manera segura y en perfectas condiciones.\n\n\n\n<\/p><\/div><\/div>\t\t<\/div>\n\t\t\t\t<\/div>\n\t\t\t\t<\/div>\n\t\t<div class=\"elementor-element elementor-element-76ddd43 e-con-full e-flex e-con e-child\" data-id=\"76ddd43\" data-element_type=\"container\">\n\t\t\t\t<div class=\"elementor-element elementor-element-0247761 elementor-position-top elementor-widget elementor-widget-image-box\" data-id=\"0247761\" data-element_type=\"widget\" data-widget_type=\"image-box.default\">\n\t\t\t\t<div class=\"elementor-widget-container\">\n\t\t\t<div class=\"elementor-image-box-wrapper\"><figure class=\"elementor-image-box-img\"><img decoding=\"async\" src=\"https:\/\/www.sbctransportation.com\/wp-content\/uploads\/elementor\/thumbs\/638064741049300000-qp82uh7gko27tm6j2ykf5oc1jco1aomuy6nydrpk1w.jpg\" title=\"638064741049300000\" alt=\"638064741049300000\" loading=\"lazy\" \/><\/figure><div class=\"elementor-image-box-content\"><h3 class=\"elementor-image-box-title\">Servicio de cruce fronterizo<\/h3><p class=\"elementor-image-box-description\">Nuestro servicio de cruce fronterizo agiliza el complejo proceso de transporte de mercanc\u00edas entre Estados Unidos y M\u00e9xico. Con conocimiento experto de las regulaciones aduaneras y procedimientos de manejo eficientes, garantizamos que su carga cruce las fronteras de manera r\u00e1pida y conforme, minimizando demoras y garantizando una entrega oportuna.\n\n<\/p><\/div><\/div>\t\t<\/div>\n\t\t\t\t<\/div>\n\t\t\t\t<\/div>\n\t\t<div class=\"elementor-element elementor-element-a46c623 e-con-full e-flex e-con e-child\" data-id=\"a46c623\" data-element_type=\"container\">\n\t\t\t\t<div class=\"elementor-element elementor-element-ac552bd elementor-position-top elementor-widget elementor-widget-image-box\" data-id=\"ac552bd\" data-element_type=\"widget\" data-widget_type=\"image-box.default\">\n\t\t\t\t<div class=\"elementor-widget-container\">\n\t\t\t<div class=\"elementor-image-box-wrapper\"><figure class=\"elementor-image-box-img\"><img decoding=\"async\" src=\"https:\/\/www.sbctransportation.com\/wp-content\/uploads\/elementor\/thumbs\/hero_truck-qp82uh7gko27tm6j2ykf5oc1jco1aomuy6nydrpk1w.jpg\" title=\"hero_truck\" alt=\"hero_truck\" loading=\"lazy\" \/><\/figure><div class=\"elementor-image-box-content\"><h3 class=\"elementor-image-box-title\">Cami\u00f3n con plataforma escalonada<\/h3><p class=\"elementor-image-box-description\">Nuestros camiones con plataforma son perfectos para transportar cargas altas o de gran tama\u00f1o que requieren espacio libre de altura adicional. Dise\u00f1ados para manejar cargas pesadas y de formas extra\u00f1as, estos camiones brindan soluciones de transporte seguras y eficientes, garantizando que sus mercanc\u00edas lleguen a su destino intactas y a tiempo.\n\n<\/p><\/div><\/div>\t\t<\/div>\n\t\t\t\t<\/div>\n\t\t\t\t<\/div>\n\t\t\t\t<\/div>\n\t\t\t\t<div class=\"elementor-element elementor-element-1a005eb elementor-widget__width-auto elementor-align-center elementor-widget elementor-widget-button\" data-id=\"1a005eb\" data-element_type=\"widget\" data-widget_type=\"button.default\">\n\t\t\t\t<div class=\"elementor-widget-container\">\n\t\t\t\t\t<div class=\"elementor-button-wrapper\">\n\t\t\t<a class=\"elementor-button elementor-button-link elementor-size-sm elementor-animation-grow\" href=\"https:\/\/www.sbctransportation.com\/es\/contact-us\/\">\n\t\t\t\t\t\t<span class=\"elementor-button-content-wrapper\">\n\t\t\t\t\t\t\t\t\t<span class=\"elementor-button-text\">Contactanos<\/span>\n\t\t\t\t\t<\/span>\n\t\t\t\t\t<\/a>\n\t\t<\/div>\n\t\t\t\t<\/div>\n\t\t\t\t<\/div>\n\t\t<div class=\"elementor-element elementor-element-d9c4900 e-con-full e-flex e-con e-child\" data-id=\"d9c4900\" data-element_type=\"container\">\n\t\t<div class=\"elementor-element elementor-element-495f623 e-con-full e-flex e-con e-child\" data-id=\"495f623\" data-element_type=\"container\">\n\t\t\t\t<div class=\"elementor-element elementor-element-d86fea9 elementor-position-top elementor-widget elementor-widget-image-box\" data-id=\"d86fea9\" data-element_type=\"widget\" data-widget_type=\"image-box.default\">\n\t\t\t\t<div class=\"elementor-widget-container\">\n\t\t\t<div class=\"elementor-image-box-wrapper\"><figure class=\"elementor-image-box-img\"><img decoding=\"async\" src=\"https:\/\/www.sbctransportation.com\/wp-content\/uploads\/elementor\/thumbs\/2024-01-10-qp82uh7gko27tm6j2ykf5oc1jco1aomuy6nydrpk1w.jpg\" title=\"2024-01-10\" alt=\"2024-01-10\" loading=\"lazy\" \/><\/figure><div class=\"elementor-image-box-content\"><h3 class=\"elementor-image-box-title\">Acelerado <br> Servicios de transporte<\/h3><p class=\"elementor-image-box-description\">Cuando el tiempo es esencial, nuestro servicio de env\u00edo acelerado entrega sus env\u00edos urgentes de manera r\u00e1pida y confiable. Priorizamos la velocidad sin comprometer la seguridad, brindando soporte dedicado para garantizar que su carga urgente llegue a su destino lo m\u00e1s r\u00e1pido posible.\n\n<\/p><\/div><\/div>\t\t<\/div>\n\t\t\t\t<\/div>\n\t\t\t\t<\/div>\n\t\t<div class=\"elementor-element elementor-element-7c72d4e e-con-full e-flex e-con e-child\" data-id=\"7c72d4e\" data-element_type=\"container\">\n\t\t\t\t<div class=\"elementor-element elementor-element-4fcd5dc elementor-position-top elementor-widget elementor-widget-image-box\" data-id=\"4fcd5dc\" data-element_type=\"widget\" data-widget_type=\"image-box.default\">\n\t\t\t\t<div class=\"elementor-widget-container\">\n\t\t\t<div class=\"elementor-image-box-wrapper\"><figure class=\"elementor-image-box-img\"><img decoding=\"async\" src=\"https:\/\/www.sbctransportation.com\/wp-content\/uploads\/elementor\/thumbs\/istockphoto-545806984-612x612-1-qp82uh7gko27tm6j2ykf5oc1jco1aomuy6nydrpk1w.jpg\" title=\"istockphoto-545806984-612&#215;612\" alt=\"Shot of two coworkers talking together next to a large truck outside of a distribution center\" loading=\"lazy\" \/><\/figure><div class=\"elementor-image-box-content\"><h3 class=\"elementor-image-box-title\">Env\u00edos puerta a puerta<\/h3><p class=\"elementor-image-box-description\">Nuestro servicio de env\u00edo puerta a puerta ofrece la m\u00e1xima comodidad al gestionar su log\u00edstica desde el origen hasta el destino. Nos encargamos de todos los aspectos del proceso de transporte, brindando una entrega fluida, eficiente y confiable directamente a su puerta, para que pueda concentrarse en su negocio principal.\n\n\n\n\n\n\n\n<\/p><\/div><\/div>\t\t<\/div>\n\t\t\t\t<\/div>\n\t\t\t\t<\/div>\n\t\t<div class=\"elementor-element elementor-element-3781e66 e-con-full e-flex e-con e-child\" data-id=\"3781e66\" data-element_type=\"container\">\n\t\t\t\t<div class=\"elementor-element elementor-element-c596717 elementor-position-top elementor-widget elementor-widget-image-box\" data-id=\"c596717\" data-element_type=\"widget\" data-widget_type=\"image-box.default\">\n\t\t\t\t<div class=\"elementor-widget-container\">\n\t\t\t<div class=\"elementor-image-box-wrapper\"><figure class=\"elementor-image-box-img\"><img decoding=\"async\" src=\"https:\/\/www.sbctransportation.com\/wp-content\/uploads\/elementor\/thumbs\/white-flatbed-Truck-Loaded-with-pipes-scaled-1-qp82uh7gko27tm6j2ykf5oc1jco1aomuy6nydrpk1w.jpg\" title=\"white-flatbed-Truck-Loaded-with-pipes-scaled\" alt=\"white-flatbed-Truck-Loaded-with-pipes-scaled\" loading=\"lazy\" \/><\/figure><div class=\"elementor-image-box-content\"><h3 class=\"elementor-image-box-title\">Cami\u00f3n con plataforma<\/h3><p class=\"elementor-image-box-description\">Nuestros servicios de camiones de plataforma est\u00e1n dise\u00f1ados para transportar carga grande, pesada o de forma irregular. Sin paredes ni techo, los camiones de plataforma permiten cargar y descargar f\u00e1cilmente mercanc\u00edas de gran tama\u00f1o, lo que garantiza un transporte seguro a cualquier destino. Conf\u00ede en nosotros para sus necesidades de transporte especializadas.\n<\/p><\/div><\/div>\t\t<\/div>\n\t\t\t\t<\/div>\n\t\t\t\t<\/div>\n\t\t\t\t<\/div>\n\t\t\t\t<\/div>\n\t\t\t\t\t<\/div>\n\t\t\t\t<\/div>\n\t\t<div class=\"elementor-element elementor-element-7cedfe0 e-flex e-con-boxed e-con e-parent\" data-id=\"7cedfe0\" data-element_type=\"container\">\n\t\t\t\t\t<div class=\"e-con-inner\">\n\t\t\t\t<div class=\"elementor-element elementor-element-42c8027 elementor-widget__width-auto elementor-align-center elementor-widget elementor-widget-button\" data-id=\"42c8027\" data-element_type=\"widget\" data-widget_type=\"button.default\">\n\t\t\t\t<div class=\"elementor-widget-container\">\n\t\t\t\t\t<div class=\"elementor-button-wrapper\">\n\t\t\t<a class=\"elementor-button elementor-button-link elementor-size-sm elementor-animation-grow\" href=\"https:\/\/www.sbctransportation.com\/es\/contact-us\/\">\n\t\t\t\t\t\t<span class=\"elementor-button-content-wrapper\">\n\t\t\t\t\t\t\t\t\t<span class=\"elementor-button-text\">Contactanos<\/span>\n\t\t\t\t\t<\/span>\n\t\t\t\t\t<\/a>\n\t\t<\/div>\n\t\t\t\t<\/div>\n\t\t\t\t<\/div>\n\t\t\t\t\t<\/div>\n\t\t\t\t<\/div>\n\t\t\t\t<\/div>","protected":false},"excerpt":{"rendered":"<p>Services Comprehensive Transportation Solutions Our Services At SBC Transportation Inc., we understand that every business has unique logistics requirements. That&#8217;s why we offer a comprehensive range of services designed to meet the diverse needs of our clients. From dry freight and platform transportation to cross-dock transloading and secure warehouse storage, we have the expertise and [&hellip;]<\/p>","protected":false},"author":1,"featured_media":0,"parent":0,"menu_order":0,"comment_status":"closed","ping_status":"closed","template":"","meta":{"site-sidebar-layout":"no-sidebar","site-content-layout":"page-builder","ast-site-content-layout":"","site-content-style":"default","site-sidebar-style":"default","ast-global-header-display":"","ast-banner-title-visibility":"","ast-main-header-display":"","ast-hfb-above-header-display":"","ast-hfb-below-header-display":"","ast-hfb-mobile-header-display":"","site-post-title":"disabled","ast-breadcrumbs-content":"disabled","ast-featured-img":"disabled","footer-sml-layout":"","theme-transparent-header-meta":"enabled","adv-header-id-meta":"","stick-header-meta":"","header-above-stick-meta":"","header-main-stick-meta":"","header-below-stick-meta":"","astra-migrate-meta-layouts":"default","ast-page-background-enabled":"default","ast-page-background-meta":{"desktop":{"background-color":"var(--ast-global-color-4)","background-image":"","background-repeat":"repeat","background-position":"center center","background-size":"auto","background-attachment":"scroll","background-type":"","background-media":"","overlay-type":"","overlay-color":"","overlay-gradient":""},"tablet":{"background-color":"","background-image":"","background-repeat":"repeat","background-position":"center center","background-size":"auto","background-attachment":"scroll","background-type":"","background-media":"","overlay-type":"","overlay-color":"","overlay-gradient":""},"mobile":{"background-color":"","background-image":"","background-repeat":"repeat","background-position":"center center","background-size":"auto","background-attachment":"scroll","background-type":"","background-media":"","overlay-type":"","overlay-color":"","overlay-gradient":""}},"ast-content-background-meta":{"desktop":{"background-color":"var(--ast-global-color-5)","background-image":"","background-repeat":"repeat","background-position":"center center","background-size":"auto","background-attachment":"scroll","background-type":"","background-media":"","overlay-type":"","overlay-color":"","overlay-gradient":""},"tablet":{"background-color":"var(--ast-global-color-5)","background-image":"","background-repeat":"repeat","background-position":"center center","background-size":"auto","background-attachment":"scroll","background-type":"","background-media":"","overlay-type":"","overlay-color":"","overlay-gradient":""},"mobile":{"background-color":"var(--ast-global-color-5)","background-image":"","background-repeat":"repeat","background-position":"center center","background-size":"auto","background-attachment":"scroll","background-type":"","background-media":"","overlay-type":"","overlay-color":"","overlay-gradient":""}},"footnotes":""},"_links":{"self":[{"href":"https:\/\/www.sbctransportation.com\/es\/wp-json\/wp\/v2\/pages\/310"}],"collection":[{"href":"https:\/\/www.sbctransportation.com\/es\/wp-json\/wp\/v2\/pages"}],"about":[{"href":"https:\/\/www.sbctransportation.com\/es\/wp-json\/wp\/v2\/types\/page"}],"author":[{"embeddable":true,"href":"https:\/\/www.sbctransportation.com\/es\/wp-json\/wp\/v2\/users\/1"}],"replies":[{"embeddable":true,"href":"https:\/\/www.sbctransportation.com\/es\/wp-json\/wp\/v2\/comments?post=310"}],"version-history":[{"count":42,"href":"https:\/\/www.sbctransportation.com\/es\/wp-json\/wp\/v2\/pages\/310\/revisions"}],"predecessor-version":[{"id":1438,"href":"https:\/\/www.sbctransportation.com\/es\/wp-json\/wp\/v2\/pages\/310\/revisions\/1438"}],"wp:attachment":[{"href":"https:\/\/www.sbctransportation.com\/es\/wp-json\/wp\/v2\/media?parent=310"}],"curies":[{"name":"wp","href":"https:\/\/api.w.org\/{rel}","templated":true}]}}